{"id":12554,"date":"2025-01-23T11:11:16","date_gmt":"2025-01-23T10:11:16","guid":{"rendered":"https:\/\/soignerenperigord.fr\/?page_id=12554"},"modified":"2026-03-18T11:31:38","modified_gmt":"2026-03-18T10:31:38","slug":"pro-sante-perigord","status":"publish","type":"page","link":"https:\/\/soignerenperigord.fr\/?page_id=12554","title":{"rendered":"Pro Sant\u00e9 P\u00e9rigord"},"content":{"rendered":"<div id='av_section_1'  class='avia-section av-jt5uk2ev-fd64a8e7d873710bbccbf9e0e3e5e58b main_color avia-section-default avia-no-border-styling  avia-builder-el-0  el_before_av_section  avia-builder-el-first  avia-bg-style-scroll container_wrap sidebar_right'  ><div class='container av-section-cont-open' ><main  role=\"main\" itemprop=\"mainContentOfPage\"  class='template-page content  av-content-small alpha units'><div class='post-entry post-entry-type-page post-entry-12554'><div class='entry-content-wrapper clearfix'>\n\n<style type=\"text\/css\" data-created_by=\"avia_inline_auto\" id=\"style-css-av-1jj42a-51e1fbcca5d00870bab08cd27f95ac1e\">\n.flex_column.av-1jj42a-51e1fbcca5d00870bab08cd27f95ac1e{\n-webkit-border-radius:0px 0px 0px 0px;\n-moz-border-radius:0px 0px 0px 0px;\nborder-radius:0px 0px 0px 0px;\npadding:0px 0px 0px 0px;\n}\n<\/style>\n<div class='flex_column av-1jj42a-51e1fbcca5d00870bab08cd27f95ac1e av_one_full  avia-builder-el-1  avia-builder-el-no-sibling  first flex_column_div av-zero-column-padding '     ><p>\n<style type=\"text\/css\" data-created_by=\"avia_inline_auto\" id=\"style-css-av-jw6hqw6h-62222bfb6bb4814f92848af9321f3c2f\">\n#top .av-special-heading.av-jw6hqw6h-62222bfb6bb4814f92848af9321f3c2f{\npadding-bottom:10px;\nfont-size:45px;\n}\nbody .av-special-heading.av-jw6hqw6h-62222bfb6bb4814f92848af9321f3c2f .av-special-heading-tag .heading-char{\nfont-size:25px;\n}\n#top #wrap_all .av-special-heading.av-jw6hqw6h-62222bfb6bb4814f92848af9321f3c2f .av-special-heading-tag{\nfont-size:45px;\n}\n.av-special-heading.av-jw6hqw6h-62222bfb6bb4814f92848af9321f3c2f .av-subheading{\nfont-size:15px;\n}\n\n@media only screen and (min-width: 480px) and (max-width: 767px){ \n#top #wrap_all .av-special-heading.av-jw6hqw6h-62222bfb6bb4814f92848af9321f3c2f .av-special-heading-tag{\nfont-size:0.8em;\n}\n}\n\n@media only screen and (max-width: 479px){ \n#top #wrap_all .av-special-heading.av-jw6hqw6h-62222bfb6bb4814f92848af9321f3c2f .av-special-heading-tag{\nfont-size:0.8em;\n}\n}\n<\/style>\n<div  class='av-special-heading av-jw6hqw6h-62222bfb6bb4814f92848af9321f3c2f av-special-heading-h1 blockquote modern-quote modern-centered  avia-builder-el-2  el_before_av_hr  avia-builder-el-first  av-inherit-size av-linked-heading'><h1 class='av-special-heading-tag'  itemprop=\"headline\"  >T\u00e9l\u00e9chargement de l\u2019application<\/h1><div class=\"special-heading-border\"><div class=\"special-heading-inner-border\"><\/div><\/div><\/div><br \/>\n\n<style type=\"text\/css\" data-created_by=\"avia_inline_auto\" id=\"style-css-av-m693vl22-55d8244029b71de8520ad4a1f8195a68\">\n#top .hr.hr-invisible.av-m693vl22-55d8244029b71de8520ad4a1f8195a68{\nmargin-top:-50px;\nheight:1px;\n}\n<\/style>\n<div  class='hr av-m693vl22-55d8244029b71de8520ad4a1f8195a68 hr-invisible  avia-builder-el-3  el_after_av_heading  avia-builder-el-last '><span class='hr-inner '><span class=\"hr-inner-style\"><\/span><\/span><\/div><\/p><\/div>\n\n<\/div><\/div><\/main><!-- close content main element --><\/div><\/div><div id='av_section_2'  class='avia-section av-42gisp6-bafaffafc5d9d25c1679860f2bf4675d main_color avia-section-default avia-no-border-styling  avia-builder-el-4  el_after_av_section  el_before_av_section  avia-bg-style-scroll container_wrap sidebar_right'  ><div class='container av-section-cont-open' ><div class='template-page content  av-content-small alpha units'><div class='post-entry post-entry-type-page post-entry-12554'><div class='entry-content-wrapper clearfix'>\n\n<style type=\"text\/css\" data-created_by=\"avia_inline_auto\" id=\"style-css-av-3kjws16-cc7d546218b943847ed8113fda864ba5\">\n.flex_column.av-3kjws16-cc7d546218b943847ed8113fda864ba5{\n-webkit-border-radius:0px 0px 0px 0px;\n-moz-border-radius:0px 0px 0px 0px;\nborder-radius:0px 0px 0px 0px;\npadding:0px 0px 0px 0px;\n}\n<\/style>\n<div class='flex_column av-3kjws16-cc7d546218b943847ed8113fda864ba5 av_one_half  avia-builder-el-5  el_before_av_one_half  avia-builder-el-first  first flex_column_div av-zero-column-padding '     ><style type=\"text\/css\" data-created_by=\"avia_inline_auto\" id=\"style-css-av-m693ttu1-e8813c1e6d66855a3840882f40bdc0cc\">\n.avia-image-container.av-m693ttu1-e8813c1e6d66855a3840882f40bdc0cc img.avia_image{\nbox-shadow:none;\n}\n.avia-image-container.av-m693ttu1-e8813c1e6d66855a3840882f40bdc0cc .av-image-caption-overlay-center{\ncolor:#ffffff;\n}\n<\/style>\n<div  class='avia-image-container av-m693ttu1-e8813c1e6d66855a3840882f40bdc0cc av-styling- avia-align-center  avia-builder-el-6  avia-builder-el-no-sibling '   itemprop=\"image\" itemscope=\"itemscope\" itemtype=\"https:\/\/schema.org\/ImageObject\" ><div class=\"avia-image-container-inner\"><div class=\"avia-image-overlay-wrap\"><img decoding=\"async\" class='wp-image-12562 avia-img-lazy-loading-not-12562 avia_image ' src=\"https:\/\/soignerenperigord.fr\/wp-content\/uploads\/2025\/01\/Bannie\u0300re-PSP-1024x500-1.png\" alt='Pro sant\u00e9 p\u00e9rigord' title='Bannie\u0300re - PSP - 1024x500'  height=\"500\" width=\"1024\"  itemprop=\"thumbnailUrl\" srcset=\"https:\/\/soignerenperigord.fr\/wp-content\/uploads\/2025\/01\/Bannie\u0300re-PSP-1024x500-1.png 1024w, https:\/\/soignerenperigord.fr\/wp-content\/uploads\/2025\/01\/Bannie\u0300re-PSP-1024x500-1-300x146.png 300w, https:\/\/soignerenperigord.fr\/wp-content\/uploads\/2025\/01\/Bannie\u0300re-PSP-1024x500-1-768x375.png 768w, https:\/\/soignerenperigord.fr\/wp-content\/uploads\/2025\/01\/Bannie\u0300re-PSP-1024x500-1-705x344.png 705w\" sizes=\"(max-width: 1024px) 100vw, 1024px\" \/><\/div><\/div><\/div><\/div>\n<style type=\"text\/css\" data-created_by=\"avia_inline_auto\" id=\"style-css-av-30tmnca-850a19ddfc86ca037ccbe952dbb31a83\">\n.flex_column.av-30tmnca-850a19ddfc86ca037ccbe952dbb31a83{\n-webkit-border-radius:0px 0px 0px 0px;\n-moz-border-radius:0px 0px 0px 0px;\nborder-radius:0px 0px 0px 0px;\npadding:0px 0px 0px 0px;\n}\n<\/style>\n<div class='flex_column av-30tmnca-850a19ddfc86ca037ccbe952dbb31a83 av_one_half  avia-builder-el-7  el_after_av_one_half  avia-builder-el-last  flex_column_div av-zero-column-padding '     ><section  class='av_textblock_section av-m693do6c-fa79ff6226b0d1afb3af521a1e0a106d'  itemscope=\"itemscope\" itemtype=\"https:\/\/schema.org\/CreativeWork\" ><div class='avia_textblock'  itemprop=\"text\" ><h2>T\u00e9l\u00e9chargez l\u2019application<br \/>\nPRO SANT\u00c9 P\u00c9RIGORD<\/h2>\n<p><br class=\"avia-permanent-lb\" \/><\/p>\n<p style=\"font-size: 18px; font-weight: 600;\">Cette application d\u00e9velopp\u00e9e par l&#8217;Assurance Maladie Dordogne, s\u2018adresse aux professionnels de sant\u00e9 de Dordogne.<\/p>\n<p style=\"font-size: 18px; font-weight: 600;\">C\u2019est votre outil d\u00e9di\u00e9 pour \u00eatre inform\u00e9 et accompagn\u00e9 dans votre pratique professionnelle.<\/p>\n<p style=\"font-size: 18px; font-weight: 600;\">Pens\u00e9e pour r\u00e9pondre \u00e0 vos besoins sp\u00e9cifiques, elle centralise les informations essentielles pour simplifier votre quotidien.<\/p>\n<\/div><\/section><\/div>\n\n<\/div><\/div><\/div><!-- close content main div --><\/div><\/div><div id='av_section_3'  class='avia-section av-2pbnyfe-14c976aa76d7918fd51c4312a636bc45 main_color avia-section-default avia-no-border-styling  avia-builder-el-9  el_after_av_section  avia-builder-el-last  avia-bg-style-scroll container_wrap sidebar_right'  ><div class='container av-section-cont-open' ><div class='template-page content  av-content-small alpha units'><div class='post-entry post-entry-type-page post-entry-12554'><div class='entry-content-wrapper clearfix'>\n\n<style type=\"text\/css\" data-created_by=\"avia_inline_auto\" id=\"style-css-av-m6962qu4-897fc1e209ff61c83f72d87a5d8620d8\">\n#top .hr.hr-invisible.av-m6962qu4-897fc1e209ff61c83f72d87a5d8620d8{\nmargin-top:-50px;\nheight:1px;\n}\n<\/style>\n<div  class='hr av-m6962qu4-897fc1e209ff61c83f72d87a5d8620d8 hr-invisible  avia-builder-el-10  el_before_av_three_fifth  avia-builder-el-first '><span class='hr-inner '><span class=\"hr-inner-style\"><\/span><\/span><\/div>\n\n<style type=\"text\/css\" data-created_by=\"avia_inline_auto\" id=\"style-css-av-m694648c-28d8b7721d1aff8b8c07f43d2f685653\">\n.flex_column.av-m694648c-28d8b7721d1aff8b8c07f43d2f685653{\n-webkit-border-radius:60px 60px 60px 60px;\n-moz-border-radius:60px 60px 60px 60px;\nborder-radius:60px 60px 60px 60px;\npadding:0px 0px 0px 0px;\nbackground-color:#258489;\n}\n<\/style>\n<div class='flex_column av-m694648c-28d8b7721d1aff8b8c07f43d2f685653 av_three_fifth  avia-builder-el-11  el_after_av_hr  el_before_av_one_fifth  first flex_column_div av-zero-column-padding '     ><section  class='av_textblock_section av-m69425wq-7df59d7c7f53b7ca7e490e84867f3c5e'  itemscope=\"itemscope\" itemtype=\"https:\/\/schema.org\/CreativeWork\" ><div class='avia_textblock'  itemprop=\"text\" >\n<style type=\"text\/css\" data-created_by=\"avia_inline_auto\" id=\"style-css-av-1fwahze-4cdf641f9de81cece5cb8884979caefa\">\n#top .hr.hr-invisible.av-1fwahze-4cdf641f9de81cece5cb8884979caefa{\nheight:20px;\n}\n<\/style>\n<div  class='hr av-1fwahze-4cdf641f9de81cece5cb8884979caefa hr-invisible  avia-builder-el-13  el_before_av_hr  avia-builder-el-first '><span class='hr-inner '><span class=\"hr-inner-style\"><\/span><\/span><\/div>\n<p style=\"text-align: center; color: white; font-weight: bold; font-size: 18px;\">T\u00e9l\u00e9charger l\u2019application sur les stores<\/p>\n<div class=\"clearfix\">\n<div class=\"img-container\"><a href=\"https:\/\/apps.apple.com\/fr\/app\/pro-sant%C3%A9-p%C3%A9rigord\/id6739502894\" target=\"_blank\" rel=\"noopener\"><img decoding=\"async\" loading=\"lazy\" class=\"aligncenter wp-image-12568 size-full\" src=\"https:\/\/soignerenperigord.fr\/wp-content\/uploads\/2025\/01\/Download_on_the_App_Store_Badge_FR_RGB_wht_100217.png\" alt=\"App store\" width=\"127\" height=\"40\" \/><\/a><\/div>\n<div class=\"img-container-2\"><a href=\"https:\/\/play.google.com\/store\/apps\/details?id=appprosantedordognefr.wpapp\" target=\"_blank\" rel=\"noopener\"><img decoding=\"async\" loading=\"lazy\" class=\"aligncenter wp-image-12583 size-full\" src=\"https:\/\/soignerenperigord.fr\/wp-content\/uploads\/2025\/01\/Google_Play_Store_badge_FR.png\" alt=\"google play\" width=\"135\" height=\"40\" \/><\/a><\/div>\n<\/div>\n\n<style type=\"text\/css\" data-created_by=\"avia_inline_auto\" id=\"style-css-av-3k0gqy-d9faf126038dd586ac1f006e292125dd\">\n#top .hr.hr-invisible.av-3k0gqy-d9faf126038dd586ac1f006e292125dd{\nheight:20px;\n}\n<\/style>\n<div  class='hr av-3k0gqy-d9faf126038dd586ac1f006e292125dd hr-invisible  avia-builder-el-14  el_after_av_hr  avia-builder-el-last '><span class='hr-inner '><span class=\"hr-inner-style\"><\/span><\/span><\/div>\n<\/div><\/section><\/div>\n<style type=\"text\/css\" data-created_by=\"avia_inline_auto\" id=\"style-css-av-lra556-a788df2ae4c5353b9332d566f7319071\">\n.flex_column.av-lra556-a788df2ae4c5353b9332d566f7319071{\n-webkit-border-radius:0px 0px 0px 0px;\n-moz-border-radius:0px 0px 0px 0px;\nborder-radius:0px 0px 0px 0px;\npadding:0px 0px 0px 0px;\n}\n<\/style>\n<div class='flex_column av-lra556-a788df2ae4c5353b9332d566f7319071 av_one_fifth  avia-builder-el-15  el_after_av_three_fifth  el_before_av_one_fifth  flex_column_div av-zero-column-padding '     ><style type=\"text\/css\" data-created_by=\"avia_inline_auto\" id=\"style-css-av-mmvwcwof-393363119e4e21e87d19586da66d37ed\">\n.avia-image-container.av-mmvwcwof-393363119e4e21e87d19586da66d37ed img.avia_image{\nbox-shadow:none;\n}\n.avia-image-container.av-mmvwcwof-393363119e4e21e87d19586da66d37ed .av-image-caption-overlay-center{\ncolor:#ffffff;\n}\n<\/style>\n<div  class='avia-image-container av-mmvwcwof-393363119e4e21e87d19586da66d37ed av-styling- avia-align-center  avia-builder-el-16  avia-builder-el-no-sibling '   itemprop=\"image\" itemscope=\"itemscope\" itemtype=\"https:\/\/schema.org\/ImageObject\" ><div class=\"avia-image-container-inner\"><div class=\"avia-image-overlay-wrap\"><img decoding=\"async\" class='wp-image-15298 avia-img-lazy-loading-not-15298 avia_image ' src=\"https:\/\/soignerenperigord.fr\/wp-content\/uploads\/2026\/03\/QR-CODE-ANROID-PSP-com-237x300.png\" alt='' title='QR CODE ANROID PSP com'  height=\"300\" width=\"237\"  itemprop=\"thumbnailUrl\" srcset=\"https:\/\/soignerenperigord.fr\/wp-content\/uploads\/2026\/03\/QR-CODE-ANROID-PSP-com-237x300.png 237w, https:\/\/soignerenperigord.fr\/wp-content\/uploads\/2026\/03\/QR-CODE-ANROID-PSP-com.png 452w\" sizes=\"(max-width: 237px) 100vw, 237px\" \/><\/div><\/div><\/div><\/div><div class='flex_column av-av_one_fifth-f1c518e9ff58e869f80c8f093487abc9 av_one_fifth  avia-builder-el-17  el_after_av_one_fifth  avia-builder-el-last  flex_column_div '     ><style type=\"text\/css\" data-created_by=\"avia_inline_auto\" id=\"style-css-av-mmvwdqm6-cfc2d14c4c466f9d1342a7a3605034b3\">\n.avia-image-container.av-mmvwdqm6-cfc2d14c4c466f9d1342a7a3605034b3 img.avia_image{\nbox-shadow:none;\n}\n.avia-image-container.av-mmvwdqm6-cfc2d14c4c466f9d1342a7a3605034b3 .av-image-caption-overlay-center{\ncolor:#ffffff;\n}\n<\/style>\n<div  class='avia-image-container av-mmvwdqm6-cfc2d14c4c466f9d1342a7a3605034b3 av-styling- avia-align-center  avia-builder-el-18  avia-builder-el-no-sibling '   itemprop=\"image\" itemscope=\"itemscope\" itemtype=\"https:\/\/schema.org\/ImageObject\" ><div class=\"avia-image-container-inner\"><div class=\"avia-image-overlay-wrap\"><img decoding=\"async\" class='wp-image-15299 avia-img-lazy-loading-not-15299 avia_image ' src=\"https:\/\/soignerenperigord.fr\/wp-content\/uploads\/2026\/03\/QR-CODE-APPLE-PSP-com-228x300.png\" alt='' title='QR CODE APPLE PSP com'  height=\"300\" width=\"228\"  itemprop=\"thumbnailUrl\" srcset=\"https:\/\/soignerenperigord.fr\/wp-content\/uploads\/2026\/03\/QR-CODE-APPLE-PSP-com-228x300.png 228w, https:\/\/soignerenperigord.fr\/wp-content\/uploads\/2026\/03\/QR-CODE-APPLE-PSP-com.png 450w\" sizes=\"(max-width: 228px) 100vw, 228px\" \/><\/div><\/div><\/div><\/div><\/div><\/div><\/div><!-- close content main div --><\/div><\/div><div id='after_section_3'  class='main_color av_default_container_wrap container_wrap sidebar_right'  ><div class='container av-section-cont-open' ><div class='template-page content  av-content-small alpha units'><div class='post-entry post-entry-type-page post-entry-12554'><div class='entry-content-wrapper clearfix'>\n","protected":false},"excerpt":{"rendered":"","protected":false},"author":1,"featured_media":0,"parent":0,"menu_order":0,"comment_status":"closed","ping_status":"closed","template":"","meta":[],"acf":[],"yoast_head":"<!-- This site is optimized with the Yoast SEO plugin v19.13 - https:\/\/yoast.com\/wordpress\/plugins\/seo\/ -->\n<title>Pro Sant\u00e9 P\u00e9rigord - SoignerEnPerigord<\/title>\n<meta name=\"robots\" content=\"index, follow, max-snippet:-1, max-image-preview:large, max-video-preview:-1\" \/>\n<link rel=\"canonical\" href=\"https:\/\/soignerenperigord.fr\/?page_id=12554\" \/>\n<meta property=\"og:locale\" content=\"fr_FR\" \/>\n<meta property=\"og:type\" content=\"article\" \/>\n<meta property=\"og:title\" content=\"Pro Sant\u00e9 P\u00e9rigord - SoignerEnPerigord\" \/>\n<meta property=\"og:url\" content=\"https:\/\/soignerenperigord.fr\/?page_id=12554\" \/>\n<meta property=\"og:site_name\" content=\"SoignerEnPerigord\" \/>\n<meta property=\"article:modified_time\" content=\"2026-03-18T10:31:38+00:00\" \/>\n<meta property=\"og:image\" content=\"https:\/\/soignerenperigord.fr\/wp-content\/uploads\/2025\/01\/Download_on_the_App_Store_Badge_FR_RGB_wht_100217.png\" \/>\n<meta name=\"twitter:card\" content=\"summary_large_image\" \/>\n<meta name=\"twitter:label1\" content=\"Est. reading time\" \/>\n\t<meta name=\"twitter:data1\" content=\"6 minutes\" \/>\n<script type=\"application\/ld+json\" class=\"yoast-schema-graph\">{\"@context\":\"https:\/\/schema.org\",\"@graph\":[{\"@type\":\"WebPage\",\"@id\":\"https:\/\/soignerenperigord.fr\/?page_id=12554\",\"url\":\"https:\/\/soignerenperigord.fr\/?page_id=12554\",\"name\":\"Pro Sant\u00e9 P\u00e9rigord - SoignerEnPerigord\",\"isPartOf\":{\"@id\":\"https:\/\/soignerenperigord.fr\/#website\"},\"datePublished\":\"2025-01-23T10:11:16+00:00\",\"dateModified\":\"2026-03-18T10:31:38+00:00\",\"breadcrumb\":{\"@id\":\"https:\/\/soignerenperigord.fr\/?page_id=12554#breadcrumb\"},\"inLanguage\":\"fr-FR\",\"potentialAction\":[{\"@type\":\"ReadAction\",\"target\":[\"https:\/\/soignerenperigord.fr\/?page_id=12554\"]}]},{\"@type\":\"BreadcrumbList\",\"@id\":\"https:\/\/soignerenperigord.fr\/?page_id=12554#breadcrumb\",\"itemListElement\":[{\"@type\":\"ListItem\",\"position\":1,\"name\":\"Home\",\"item\":\"https:\/\/soignerenperigord.fr\/?page_id=1809\"},{\"@type\":\"ListItem\",\"position\":2,\"name\":\"Pro Sant\u00e9 P\u00e9rigord\"}]},{\"@type\":\"WebSite\",\"@id\":\"https:\/\/soignerenperigord.fr\/#website\",\"url\":\"https:\/\/soignerenperigord.fr\/\",\"name\":\"SoignerEnPerigord\",\"description\":\"Un site utilisant WordPress\",\"potentialAction\":[{\"@type\":\"SearchAction\",\"target\":{\"@type\":\"EntryPoint\",\"urlTemplate\":\"https:\/\/soignerenperigord.fr\/?s={search_term_string}\"},\"query-input\":\"required name=search_term_string\"}],\"inLanguage\":\"fr-FR\"}]}<\/script>\n<!-- \/ Yoast SEO plugin. -->","yoast_head_json":{"title":"Pro Sant\u00e9 P\u00e9rigord - SoignerEnPerigord","robots":{"index":"index","follow":"follow","max-snippet":"max-snippet:-1","max-image-preview":"max-image-preview:large","max-video-preview":"max-video-preview:-1"},"canonical":"https:\/\/soignerenperigord.fr\/?page_id=12554","og_locale":"fr_FR","og_type":"article","og_title":"Pro Sant\u00e9 P\u00e9rigord - SoignerEnPerigord","og_url":"https:\/\/soignerenperigord.fr\/?page_id=12554","og_site_name":"SoignerEnPerigord","article_modified_time":"2026-03-18T10:31:38+00:00","og_image":[{"url":"https:\/\/soignerenperigord.fr\/wp-content\/uploads\/2025\/01\/Download_on_the_App_Store_Badge_FR_RGB_wht_100217.png"}],"twitter_card":"summary_large_image","twitter_misc":{"Est. reading time":"6 minutes"},"schema":{"@context":"https:\/\/schema.org","@graph":[{"@type":"WebPage","@id":"https:\/\/soignerenperigord.fr\/?page_id=12554","url":"https:\/\/soignerenperigord.fr\/?page_id=12554","name":"Pro Sant\u00e9 P\u00e9rigord - SoignerEnPerigord","isPartOf":{"@id":"https:\/\/soignerenperigord.fr\/#website"},"datePublished":"2025-01-23T10:11:16+00:00","dateModified":"2026-03-18T10:31:38+00:00","breadcrumb":{"@id":"https:\/\/soignerenperigord.fr\/?page_id=12554#breadcrumb"},"inLanguage":"fr-FR","potentialAction":[{"@type":"ReadAction","target":["https:\/\/soignerenperigord.fr\/?page_id=12554"]}]},{"@type":"BreadcrumbList","@id":"https:\/\/soignerenperigord.fr\/?page_id=12554#breadcrumb","itemListElement":[{"@type":"ListItem","position":1,"name":"Home","item":"https:\/\/soignerenperigord.fr\/?page_id=1809"},{"@type":"ListItem","position":2,"name":"Pro Sant\u00e9 P\u00e9rigord"}]},{"@type":"WebSite","@id":"https:\/\/soignerenperigord.fr\/#website","url":"https:\/\/soignerenperigord.fr\/","name":"SoignerEnPerigord","description":"Un site utilisant WordPress","potentialAction":[{"@type":"SearchAction","target":{"@type":"EntryPoint","urlTemplate":"https:\/\/soignerenperigord.fr\/?s={search_term_string}"},"query-input":"required name=search_term_string"}],"inLanguage":"fr-FR"}]}},"_links":{"self":[{"href":"https:\/\/soignerenperigord.fr\/index.php?rest_route=\/wp\/v2\/pages\/12554"}],"collection":[{"href":"https:\/\/soignerenperigord.fr\/index.php?rest_route=\/wp\/v2\/pages"}],"about":[{"href":"https:\/\/soignerenperigord.fr\/index.php?rest_route=\/wp\/v2\/types\/page"}],"author":[{"embeddable":true,"href":"https:\/\/soignerenperigord.fr\/index.php?rest_route=\/wp\/v2\/users\/1"}],"replies":[{"embeddable":true,"href":"https:\/\/soignerenperigord.fr\/index.php?rest_route=%2Fwp%2Fv2%2Fcomments&post=12554"}],"version-history":[{"count":29,"href":"https:\/\/soignerenperigord.fr\/index.php?rest_route=\/wp\/v2\/pages\/12554\/revisions"}],"predecessor-version":[{"id":15303,"href":"https:\/\/soignerenperigord.fr\/index.php?rest_route=\/wp\/v2\/pages\/12554\/revisions\/15303"}],"wp:attachment":[{"href":"https:\/\/soignerenperigord.fr\/index.php?rest_route=%2Fwp%2Fv2%2Fmedia&parent=12554"}],"curies":[{"name":"wp","href":"https:\/\/api.w.org\/{rel}","templated":true}]}}