{"id":11870,"date":"2024-07-08T11:25:56","date_gmt":"2024-07-08T09:25:56","guid":{"rendered":"https:\/\/soignerenperigord.fr\/?page_id=11870"},"modified":"2024-11-06T14:18:34","modified_gmt":"2024-11-06T13:18:34","slug":"sante-des-professionnel-de-sante","status":"publish","type":"page","link":"https:\/\/soignerenperigord.fr\/?page_id=11870","title":{"rendered":"Sant\u00e9 des professionnel de sant\u00e9"},"content":{"rendered":"<div id='av_section_1'  class='avia-section av-jt5uk2ev-fd64a8e7d873710bbccbf9e0e3e5e58b main_color avia-section-default avia-no-border-styling  avia-builder-el-0  el_before_av_section  avia-builder-el-first  avia-bg-style-scroll container_wrap sidebar_right'  ><div class='container av-section-cont-open' ><main  role=\"main\" itemprop=\"mainContentOfPage\"  class='template-page content  av-content-small alpha units'><div class='post-entry post-entry-type-page post-entry-11870'><div class='entry-content-wrapper clearfix'>\n\n<style type=\"text\/css\" data-created_by=\"avia_inline_auto\" id=\"style-css-av-1jj42a-51e1fbcca5d00870bab08cd27f95ac1e\">\n.flex_column.av-1jj42a-51e1fbcca5d00870bab08cd27f95ac1e{\n-webkit-border-radius:0px 0px 0px 0px;\n-moz-border-radius:0px 0px 0px 0px;\nborder-radius:0px 0px 0px 0px;\npadding:0px 0px 0px 0px;\n}\n<\/style>\n<div class='flex_column av-1jj42a-51e1fbcca5d00870bab08cd27f95ac1e av_one_full  avia-builder-el-1  el_before_av_one_full  avia-builder-el-first  first flex_column_div av-zero-column-padding '     ><style type=\"text\/css\" data-created_by=\"avia_inline_auto\" id=\"style-css-av-jw6hppt7-c375a4ae939468253583d93567af801c\">\n#top .av-special-heading.av-jw6hppt7-c375a4ae939468253583d93567af801c{\npadding-bottom:10px;\nfont-size:45px;\n}\nbody .av-special-heading.av-jw6hppt7-c375a4ae939468253583d93567af801c .av-special-heading-tag .heading-char{\nfont-size:25px;\n}\n#top #wrap_all .av-special-heading.av-jw6hppt7-c375a4ae939468253583d93567af801c .av-special-heading-tag{\nfont-size:45px;\n}\n.av-special-heading.av-jw6hppt7-c375a4ae939468253583d93567af801c .av-subheading{\nfont-size:15px;\n}\n\n@media only screen and (min-width: 480px) and (max-width: 767px){ \n#top #wrap_all .av-special-heading.av-jw6hppt7-c375a4ae939468253583d93567af801c .av-special-heading-tag{\nfont-size:0.8em;\n}\n}\n\n@media only screen and (max-width: 479px){ \n#top #wrap_all .av-special-heading.av-jw6hppt7-c375a4ae939468253583d93567af801c .av-special-heading-tag{\nfont-size:0.8em;\n}\n}\n<\/style>\n<div  class='av-special-heading av-jw6hppt7-c375a4ae939468253583d93567af801c av-special-heading-h1 blockquote modern-quote modern-centered  avia-builder-el-2  avia-builder-el-no-sibling  av-inherit-size av-linked-heading'><h1 class='av-special-heading-tag'  itemprop=\"headline\"  >Sant\u00e9 des Professionnels de Sant\u00e9<\/h1><div class=\"special-heading-border\"><div class=\"special-heading-inner-border\"><\/div><\/div><\/div><\/div>\n<style type=\"text\/css\" data-created_by=\"avia_inline_auto\" id=\"style-css-av-1dgq6i-4392de833b48a3a67458154c12da55f4\">\n.flex_column.av-1dgq6i-4392de833b48a3a67458154c12da55f4{\n-webkit-border-radius:0px 0px 0px 0px;\n-moz-border-radius:0px 0px 0px 0px;\nborder-radius:0px 0px 0px 0px;\npadding:0px 0px 0px 0px;\n}\n<\/style>\n<div class='flex_column av-1dgq6i-4392de833b48a3a67458154c12da55f4 av_one_full  avia-builder-el-3  el_after_av_one_full  el_before_av_hr  first flex_column_div av-zero-column-padding column-top-margin'     ><style type=\"text\/css\" data-created_by=\"avia_inline_auto\" id=\"style-css-av-jt60ttfw-61ce1721ac59894ef90ab28c72e96a08\">\n.avia-image-container.av-jt60ttfw-61ce1721ac59894ef90ab28c72e96a08 img.avia_image{\nbox-shadow:none;\n}\n.avia-image-container.av-jt60ttfw-61ce1721ac59894ef90ab28c72e96a08 .av-image-caption-overlay-center{\ncolor:#ffffff;\n}\n<\/style>\n<div  class='avia-image-container av-jt60ttfw-61ce1721ac59894ef90ab28c72e96a08 av-styling- av-hover-grow avia-align-center  avia-builder-el-4  avia-builder-el-no-sibling '   itemprop=\"image\" itemscope=\"itemscope\" itemtype=\"https:\/\/schema.org\/ImageObject\" ><div class=\"avia-image-container-inner\"><div class=\"avia-image-overlay-wrap\"><img decoding=\"async\" class='wp-image-11872 avia-img-lazy-loading-not-11872 avia_image ' src=\"https:\/\/soignerenperigord.fr\/wp-content\/uploads\/2024\/07\/mots.png\" alt='' title='mots'  height=\"806\" width=\"870\"  itemprop=\"thumbnailUrl\" srcset=\"https:\/\/soignerenperigord.fr\/wp-content\/uploads\/2024\/07\/mots.png 870w, https:\/\/soignerenperigord.fr\/wp-content\/uploads\/2024\/07\/mots-300x278.png 300w, https:\/\/soignerenperigord.fr\/wp-content\/uploads\/2024\/07\/mots-768x712.png 768w, https:\/\/soignerenperigord.fr\/wp-content\/uploads\/2024\/07\/mots-705x653.png 705w\" sizes=\"(max-width: 870px) 100vw, 870px\" \/><\/div><\/div><\/div><\/div>\n<style type=\"text\/css\" data-created_by=\"avia_inline_auto\" id=\"style-css-av-jtyilemo-f573bb39ac80c2c5101e0887c16a7bcd\">\n#top .hr.hr-invisible.av-jtyilemo-f573bb39ac80c2c5101e0887c16a7bcd{\nheight:40px;\n}\n<\/style>\n<div  class='hr av-jtyilemo-f573bb39ac80c2c5101e0887c16a7bcd hr-invisible  avia-builder-el-5  el_after_av_one_full  avia-builder-el-last '><span class='hr-inner '><span class=\"hr-inner-style\"><\/span><\/span><\/div>\n\n<\/div><\/div><\/main><!-- close content main element --><\/div><\/div><div id='av_section_2'  class='avia-section av-h7f6x6-16813b2442cd0879cd953a9a0ad0977f alternate_color avia-section-default avia-no-border-styling  avia-builder-el-6  el_after_av_section  avia-builder-el-last  avia-bg-style-scroll container_wrap sidebar_right'  ><div class='container av-section-cont-open' ><div class='template-page content  av-content-small alpha units'><div class='post-entry post-entry-type-page post-entry-11870'><div class='entry-content-wrapper clearfix'>\n\n<style type=\"text\/css\" data-created_by=\"avia_inline_auto\" id=\"style-css-av-weyi2-0615eb989164fa3c9e907b3e228733c0\">\n.flex_column.av-weyi2-0615eb989164fa3c9e907b3e228733c0{\n-webkit-border-radius:0px 0px 0px 0px;\n-moz-border-radius:0px 0px 0px 0px;\nborder-radius:0px 0px 0px 0px;\npadding:0px 0px 0px 0px;\n}\n<\/style>\n<div class='flex_column av-weyi2-0615eb989164fa3c9e907b3e228733c0 av_one_third  avia-builder-el-7  el_before_av_two_third  avia-builder-el-first  first flex_column_div av-zero-column-padding '     ><p>\n<style type=\"text\/css\" data-created_by=\"avia_inline_auto\" id=\"style-css-av-juwczyi2-22-5eed1aa329a164c5bfff5353ef5f91bd\">\n#top .hr.hr-invisible.av-juwczyi2-22-5eed1aa329a164c5bfff5353ef5f91bd{\nheight:8px;\n}\n<\/style>\n<div  class='hr av-juwczyi2-22-5eed1aa329a164c5bfff5353ef5f91bd hr-invisible  avia-builder-el-8  el_before_av_image  avia-builder-el-first '><span class='hr-inner '><span class=\"hr-inner-style\"><\/span><\/span><\/div><br \/>\n\n<style type=\"text\/css\" data-created_by=\"avia_inline_auto\" id=\"style-css-av-s0xea1-6361cb26af4e85c1a59118094ef37358\">\n.avia-image-container.av-s0xea1-6361cb26af4e85c1a59118094ef37358 img.avia_image{\nbox-shadow:none;\n}\n.avia-image-container.av-s0xea1-6361cb26af4e85c1a59118094ef37358 .av-image-caption-overlay-center{\ncolor:#ffffff;\n}\n<\/style>\n<div  class='avia-image-container av-s0xea1-6361cb26af4e85c1a59118094ef37358 av-styling- avia-align-center  avia-builder-el-9  el_after_av_hr  avia-builder-el-last '   itemprop=\"image\" itemscope=\"itemscope\" itemtype=\"https:\/\/schema.org\/ImageObject\" ><div class=\"avia-image-container-inner\"><div class=\"avia-image-overlay-wrap\"><a href=\"https:\/\/www.association-mots.org\/\" class='avia_image' target=\"_blank\" rel=\"noopener noreferrer\"><img decoding=\"async\" class='wp-image-11875 avia-img-lazy-loading-not-11875 avia_image ' src=\"https:\/\/soignerenperigord.fr\/wp-content\/uploads\/2024\/07\/Logo-Mots-2022-300x300.png\" alt='' title='Logo Mots 2022'  height=\"300\" width=\"300\"  itemprop=\"thumbnailUrl\" srcset=\"https:\/\/soignerenperigord.fr\/wp-content\/uploads\/2024\/07\/Logo-Mots-2022-300x300.png 300w, https:\/\/soignerenperigord.fr\/wp-content\/uploads\/2024\/07\/Logo-Mots-2022-80x80.png 80w, https:\/\/soignerenperigord.fr\/wp-content\/uploads\/2024\/07\/Logo-Mots-2022-36x36.png 36w, https:\/\/soignerenperigord.fr\/wp-content\/uploads\/2024\/07\/Logo-Mots-2022-180x180.png 180w, https:\/\/soignerenperigord.fr\/wp-content\/uploads\/2024\/07\/Logo-Mots-2022.png 474w\" sizes=\"(max-width: 300px) 100vw, 300px\" \/><\/a><\/div><\/div><\/div><\/p><\/div>\n<style type=\"text\/css\" data-created_by=\"avia_inline_auto\" id=\"style-css-av-weyi2-21-b5b230aa278198f4728082bdcc1f227e\">\n.flex_column.av-weyi2-21-b5b230aa278198f4728082bdcc1f227e{\n-webkit-border-radius:0px 0px 0px 0px;\n-moz-border-radius:0px 0px 0px 0px;\nborder-radius:0px 0px 0px 0px;\npadding:0px 0px 0px 0px;\n}\n<\/style>\n<div class='flex_column av-weyi2-21-b5b230aa278198f4728082bdcc1f227e av_two_third  avia-builder-el-10  el_after_av_one_third  el_before_av_one_full  flex_column_div av-zero-column-padding '     ><style type=\"text\/css\" data-created_by=\"avia_inline_auto\" id=\"style-css-av-lycra1km-e9697d7d0fb019e221caa7618f686016\">\n#top .av_textblock_section.av-lycra1km-e9697d7d0fb019e221caa7618f686016 .avia_textblock{\nfont-size:20px;\n}\n<\/style>\n<section  class='av_textblock_section av-lycra1km-e9697d7d0fb019e221caa7618f686016'  itemscope=\"itemscope\" itemtype=\"https:\/\/schema.org\/CreativeWork\" ><div class='avia_textblock'  itemprop=\"text\" ><p><br class=\"avia-permanent-lb\" \/><strong><a href=\"https:\/\/www.association-mots.org\/\" target=\"_blank\" rel=\"noopener\">L\u2019Association MOTS<\/a><\/strong> apporte une\u00a0<strong>aide confraternelle<\/strong>\u00a0et un\u00a0<strong>accompagnement\u00a0<\/strong>aux m\u00e9decins, professionnels de sant\u00e9 et futurs professionnels en difficult\u00e9. <em>M\u00e9decins, Infirmiers, Pharmaciens, Kin\u00e9sith\u00e9rapeutes, Sages-Femmes, Dentistes, Podologues, Orthophonistes, Orthoptistes, Biologistes <\/em> <strong>MOTS<\/strong>\u00a0c\u2019est une \u00e9coute et un soutien gratuit et national, disponible 24h\/24h et 7j\/7j<\/p>\n<\/div><\/section><\/div><div class='flex_column av-n4c8v2-f6a2828661b06c1d8b50b72afc75eddc av_one_full  avia-builder-el-12  el_after_av_two_third  avia-builder-el-last  first flex_column_div column-top-margin'     ><style type=\"text\/css\" data-created_by=\"avia_inline_auto\" id=\"style-css-av-lycrplgf-7a6dde8062bb9e05b920fc6646179e50\">\n#top .av_textblock_section.av-lycrplgf-7a6dde8062bb9e05b920fc6646179e50 .avia_textblock{\nfont-size:20px;\ntext-align:left;\n}\n<\/style>\n<section  class='av_textblock_section av-lycrplgf-7a6dde8062bb9e05b920fc6646179e50'  itemscope=\"itemscope\" itemtype=\"https:\/\/schema.org\/CreativeWork\" ><div class='avia_textblock'  itemprop=\"text\" ><p style=\"text-align: center;\"><strong>T\u00e9l. : <u>06 08 28 25 89<\/u> (appel gratuit)<\/strong><\/p>\n<p><br class=\"avia-permanent-lb\" \/><br class=\"avia-permanent-lb\" \/><u>Objectif\u00a0<\/u>: pr\u00e9server ou restaurer sa sant\u00e9, concilier<strong> exercice professionnel<\/strong>, <strong>projet de sant\u00e9 et de vie<\/strong>.<\/p>\n<p>Le mod\u00e8le d\u2019accompagnement propos\u00e9 par l\u2019association MOTS\u00a0est unique en France et existe depuis 2010.<\/p>\n<p>Le M\u00e9decin MOTS aide l&#8217;appelant \u00e0 cheminer et \u00e0 trouver les interlocuteurs n\u00e9cessaires dans son parcours de sant\u00e9, en toute confidentialit\u00e9, avec pour objectif notamment de <u>pr\u00e9venir l&#8217;\u00e9puisement professionnel et le risque suicidaire<\/u> chez les professionnels de sant\u00e9.<\/p>\n<\/div><\/section><\/div><\/div><\/div><\/div><!-- close content main div --><\/div><\/div><div id='after_section_2'  class='main_color av_default_container_wrap container_wrap sidebar_right'  ><div class='container av-section-cont-open' ><div class='template-page content  av-content-small alpha units'><div class='post-entry post-entry-type-page post-entry-11870'><div class='entry-content-wrapper clearfix'>\n","protected":false},"excerpt":{"rendered":"","protected":false},"author":20,"featured_media":0,"parent":0,"menu_order":0,"comment_status":"closed","ping_status":"closed","template":"","meta":[],"acf":[],"yoast_head":"<!-- This site is optimized with the Yoast SEO plugin v19.13 - https:\/\/yoast.com\/wordpress\/plugins\/seo\/ -->\n<title>Sant\u00e9 des professionnel de sant\u00e9 - Association MOTS<\/title>\n<meta name=\"description\" content=\"prise en charge de l&#039;\u00e9puisement des professionnels de sant\u00e9 en souffrance. Demandez de l&#039;aide en toute confidentialit\u00e9.\" \/>\n<meta name=\"robots\" content=\"index, follow, max-snippet:-1, max-image-preview:large, max-video-preview:-1\" \/>\n<link rel=\"canonical\" href=\"https:\/\/soignerenperigord.fr\/?page_id=11870\" \/>\n<meta property=\"og:locale\" content=\"fr_FR\" \/>\n<meta property=\"og:type\" content=\"article\" \/>\n<meta property=\"og:title\" content=\"Sant\u00e9 des professionnel de sant\u00e9 - Association MOTS\" \/>\n<meta property=\"og:description\" content=\"prise en charge de l&#039;\u00e9puisement des professionnels de sant\u00e9 en souffrance. Demandez de l&#039;aide en toute confidentialit\u00e9.\" \/>\n<meta property=\"og:url\" content=\"https:\/\/soignerenperigord.fr\/?page_id=11870\" \/>\n<meta property=\"og:site_name\" content=\"SoignerEnPerigord\" \/>\n<meta property=\"article:modified_time\" content=\"2024-11-06T13:18:34+00:00\" \/>\n<meta name=\"twitter:card\" content=\"summary_large_image\" \/>\n<meta name=\"twitter:label1\" content=\"Est. reading time\" \/>\n\t<meta name=\"twitter:data1\" content=\"5 minutes\" \/>\n<script type=\"application\/ld+json\" class=\"yoast-schema-graph\">{\"@context\":\"https:\/\/schema.org\",\"@graph\":[{\"@type\":\"WebPage\",\"@id\":\"https:\/\/soignerenperigord.fr\/?page_id=11870\",\"url\":\"https:\/\/soignerenperigord.fr\/?page_id=11870\",\"name\":\"Sant\u00e9 des professionnel de sant\u00e9 - Association MOTS\",\"isPartOf\":{\"@id\":\"https:\/\/soignerenperigord.fr\/#website\"},\"datePublished\":\"2024-07-08T09:25:56+00:00\",\"dateModified\":\"2024-11-06T13:18:34+00:00\",\"description\":\"prise en charge de l'\u00e9puisement des professionnels de sant\u00e9 en souffrance. Demandez de l'aide en toute confidentialit\u00e9.\",\"breadcrumb\":{\"@id\":\"https:\/\/soignerenperigord.fr\/?page_id=11870#breadcrumb\"},\"inLanguage\":\"fr-FR\",\"potentialAction\":[{\"@type\":\"ReadAction\",\"target\":[\"https:\/\/soignerenperigord.fr\/?page_id=11870\"]}]},{\"@type\":\"BreadcrumbList\",\"@id\":\"https:\/\/soignerenperigord.fr\/?page_id=11870#breadcrumb\",\"itemListElement\":[{\"@type\":\"ListItem\",\"position\":1,\"name\":\"Home\",\"item\":\"https:\/\/soignerenperigord.fr\/?page_id=1809\"},{\"@type\":\"ListItem\",\"position\":2,\"name\":\"Sant\u00e9 des professionnel de sant\u00e9\"}]},{\"@type\":\"WebSite\",\"@id\":\"https:\/\/soignerenperigord.fr\/#website\",\"url\":\"https:\/\/soignerenperigord.fr\/\",\"name\":\"SoignerEnPerigord\",\"description\":\"Un site utilisant WordPress\",\"potentialAction\":[{\"@type\":\"SearchAction\",\"target\":{\"@type\":\"EntryPoint\",\"urlTemplate\":\"https:\/\/soignerenperigord.fr\/?s={search_term_string}\"},\"query-input\":\"required name=search_term_string\"}],\"inLanguage\":\"fr-FR\"}]}<\/script>\n<!-- \/ Yoast SEO plugin. -->","yoast_head_json":{"title":"Sant\u00e9 des professionnel de sant\u00e9 - Association MOTS","description":"prise en charge de l'\u00e9puisement des professionnels de sant\u00e9 en souffrance. Demandez de l'aide en toute confidentialit\u00e9.","robots":{"index":"index","follow":"follow","max-snippet":"max-snippet:-1","max-image-preview":"max-image-preview:large","max-video-preview":"max-video-preview:-1"},"canonical":"https:\/\/soignerenperigord.fr\/?page_id=11870","og_locale":"fr_FR","og_type":"article","og_title":"Sant\u00e9 des professionnel de sant\u00e9 - Association MOTS","og_description":"prise en charge de l'\u00e9puisement des professionnels de sant\u00e9 en souffrance. Demandez de l'aide en toute confidentialit\u00e9.","og_url":"https:\/\/soignerenperigord.fr\/?page_id=11870","og_site_name":"SoignerEnPerigord","article_modified_time":"2024-11-06T13:18:34+00:00","twitter_card":"summary_large_image","twitter_misc":{"Est. reading time":"5 minutes"},"schema":{"@context":"https:\/\/schema.org","@graph":[{"@type":"WebPage","@id":"https:\/\/soignerenperigord.fr\/?page_id=11870","url":"https:\/\/soignerenperigord.fr\/?page_id=11870","name":"Sant\u00e9 des professionnel de sant\u00e9 - Association MOTS","isPartOf":{"@id":"https:\/\/soignerenperigord.fr\/#website"},"datePublished":"2024-07-08T09:25:56+00:00","dateModified":"2024-11-06T13:18:34+00:00","description":"prise en charge de l'\u00e9puisement des professionnels de sant\u00e9 en souffrance. Demandez de l'aide en toute confidentialit\u00e9.","breadcrumb":{"@id":"https:\/\/soignerenperigord.fr\/?page_id=11870#breadcrumb"},"inLanguage":"fr-FR","potentialAction":[{"@type":"ReadAction","target":["https:\/\/soignerenperigord.fr\/?page_id=11870"]}]},{"@type":"BreadcrumbList","@id":"https:\/\/soignerenperigord.fr\/?page_id=11870#breadcrumb","itemListElement":[{"@type":"ListItem","position":1,"name":"Home","item":"https:\/\/soignerenperigord.fr\/?page_id=1809"},{"@type":"ListItem","position":2,"name":"Sant\u00e9 des professionnel de sant\u00e9"}]},{"@type":"WebSite","@id":"https:\/\/soignerenperigord.fr\/#website","url":"https:\/\/soignerenperigord.fr\/","name":"SoignerEnPerigord","description":"Un site utilisant WordPress","potentialAction":[{"@type":"SearchAction","target":{"@type":"EntryPoint","urlTemplate":"https:\/\/soignerenperigord.fr\/?s={search_term_string}"},"query-input":"required name=search_term_string"}],"inLanguage":"fr-FR"}]}},"_links":{"self":[{"href":"https:\/\/soignerenperigord.fr\/index.php?rest_route=\/wp\/v2\/pages\/11870"}],"collection":[{"href":"https:\/\/soignerenperigord.fr\/index.php?rest_route=\/wp\/v2\/pages"}],"about":[{"href":"https:\/\/soignerenperigord.fr\/index.php?rest_route=\/wp\/v2\/types\/page"}],"author":[{"embeddable":true,"href":"https:\/\/soignerenperigord.fr\/index.php?rest_route=\/wp\/v2\/users\/20"}],"replies":[{"embeddable":true,"href":"https:\/\/soignerenperigord.fr\/index.php?rest_route=%2Fwp%2Fv2%2Fcomments&post=11870"}],"version-history":[{"count":23,"href":"https:\/\/soignerenperigord.fr\/index.php?rest_route=\/wp\/v2\/pages\/11870\/revisions"}],"predecessor-version":[{"id":12407,"href":"https:\/\/soignerenperigord.fr\/index.php?rest_route=\/wp\/v2\/pages\/11870\/revisions\/12407"}],"wp:attachment":[{"href":"https:\/\/soignerenperigord.fr\/index.php?rest_route=%2Fwp%2Fv2%2Fmedia&parent=11870"}],"curies":[{"name":"wp","href":"https:\/\/api.w.org\/{rel}","templated":true}]}}