{"id":11254,"date":"2024-03-25T13:47:00","date_gmt":"2024-03-25T12:47:00","guid":{"rendered":"https:\/\/soignerenperigord.fr\/?page_id=11254"},"modified":"2026-03-05T09:11:00","modified_gmt":"2026-03-05T08:11:00","slug":"en-venir-vivre-en-dordogne","status":"publish","type":"page","link":"https:\/\/soignerenperigord.fr\/?page_id=11254&lang=en","title":{"rendered":"EN venir vivre en Dordogne"},"content":{"rendered":"<div id='av_section_1'  class='avia-section av-2hwp12-21612ea53d14b26740ced27094cbad9f main_color avia-section-default avia-no-border-styling  avia-builder-el-0  avia-builder-el-no-sibling  avia-bg-style-scroll container_wrap sidebar_right'  ><div class='container av-section-cont-open' ><main  role=\"main\" itemprop=\"mainContentOfPage\"  class='template-page content  av-content-small alpha units'><div class='post-entry post-entry-type-page post-entry-11254'><div class='entry-content-wrapper clearfix'>\n<div class='flex_column av-6m728ae-9a1eae46f66f125b9000802707482a2e av_one_full  avia-builder-el-1  el_before_av_one_third  avia-builder-el-first  first flex_column_div '     ><style type=\"text\/css\" data-created_by=\"avia_inline_auto\" id=\"style-css-av-lu6xt17u-aa00cf7f23a1db12fdcbca1b9bdbef81\">\n#top .av-special-heading.av-lu6xt17u-aa00cf7f23a1db12fdcbca1b9bdbef81{\npadding-bottom:10px;\n}\nbody .av-special-heading.av-lu6xt17u-aa00cf7f23a1db12fdcbca1b9bdbef81 .av-special-heading-tag .heading-char{\nfont-size:25px;\n}\n.av-special-heading.av-lu6xt17u-aa00cf7f23a1db12fdcbca1b9bdbef81 .av-subheading{\nfont-size:15px;\n}\n<\/style>\n<div  class='av-special-heading av-lu6xt17u-aa00cf7f23a1db12fdcbca1b9bdbef81 av-special-heading-h1 blockquote modern-quote modern-centered  avia-builder-el-2  avia-builder-el-no-sibling '><h1 class='av-special-heading-tag'  itemprop=\"headline\"  >Come and live in Dordogne<\/h1><div class=\"special-heading-border\"><div class=\"special-heading-inner-border\"><\/div><\/div><\/div><\/div><div class='flex_column av-6bmutdi-7a652f0bb596dc86770b4c8c0329a492 av_one_third  avia-builder-el-3  el_after_av_one_full  el_before_av_two_third  first flex_column_div column-top-margin'     ><style type=\"text\/css\" data-created_by=\"avia_inline_auto\" id=\"style-css-av-5mejwvq-53af7e725c4089ee4f92631d3104ad26\">\n.avia-image-container.av-5mejwvq-53af7e725c4089ee4f92631d3104ad26 img.avia_image{\nbox-shadow:none;\n}\n.avia-image-container.av-5mejwvq-53af7e725c4089ee4f92631d3104ad26 .av-image-caption-overlay-center{\ncolor:#ffffff;\n}\n<\/style>\n<div  class='avia-image-container av-5mejwvq-53af7e725c4089ee4f92631d3104ad26 av-styling- avia-align-center  avia-builder-el-4  avia-builder-el-no-sibling '   itemprop=\"image\" itemscope=\"itemscope\" itemtype=\"https:\/\/schema.org\/ImageObject\" ><div class=\"avia-image-container-inner\"><div class=\"avia-image-overlay-wrap\"><img decoding=\"async\" class='wp-image-11081 avia-img-lazy-loading-not-11081 avia_image ' src=\"https:\/\/soignerenperigord.fr\/wp-content\/uploads\/2024\/03\/garderie-enfant-scaled.jpg\" alt='' title='garderie enfant'  height=\"1707\" width=\"2560\"  itemprop=\"thumbnailUrl\" srcset=\"https:\/\/soignerenperigord.fr\/wp-content\/uploads\/2024\/03\/garderie-enfant-scaled.jpg 2560w, https:\/\/soignerenperigord.fr\/wp-content\/uploads\/2024\/03\/garderie-enfant-300x200.jpg 300w, https:\/\/soignerenperigord.fr\/wp-content\/uploads\/2024\/03\/garderie-enfant-1030x687.jpg 1030w, https:\/\/soignerenperigord.fr\/wp-content\/uploads\/2024\/03\/garderie-enfant-768x512.jpg 768w, https:\/\/soignerenperigord.fr\/wp-content\/uploads\/2024\/03\/garderie-enfant-1536x1024.jpg 1536w, https:\/\/soignerenperigord.fr\/wp-content\/uploads\/2024\/03\/garderie-enfant-2048x1365.jpg 2048w, https:\/\/soignerenperigord.fr\/wp-content\/uploads\/2024\/03\/garderie-enfant-1500x1000.jpg 1500w, https:\/\/soignerenperigord.fr\/wp-content\/uploads\/2024\/03\/garderie-enfant-705x470.jpg 705w\" sizes=\"(max-width: 2560px) 100vw, 2560px\" \/><\/div><\/div><\/div><\/div><div class='flex_column av-5h9t3va-7e259778b88c3c59a2651c479eef8c1e av_two_third  avia-builder-el-5  el_after_av_one_third  el_before_av_one_third  flex_column_div column-top-margin'     ><section  class='av_textblock_section av-lu6xv9hv-6d11407004b42e152a62cf9a8e7e8fb7'  itemscope=\"itemscope\" itemtype=\"https:\/\/schema.org\/CreativeWork\" ><div class='avia_textblock'  itemprop=\"text\" ><h3>Child care<\/h3>\n<p>to find a childminder near your home, <span class=\"adr\"><span class=\"street-address\"><a class=\"url\" title=\"Acc\u00e9der au site du Centre de formation et de promotion (nouvelle fen\u00eatre)\" href=\"https:\/\/www.grandperigueux.fr\/mon-quotidien\/famille\/creches\/\" target=\"_blank\" rel=\"noopener v:url\" aria-label=\"www.cfpchampcevinel.fr (dans une nouvelle fen\u00eatre)\">les Relais Petite Enfance<\/a><\/span><\/span> to find a reception mode, <a href=\"https:\/\/monenfant.fr\/\" target=\"_blank\" rel=\"noopener\">monenfant.fr<\/a> <a href=\"https:\/\/www.dordogne.fr\/a-votre-service\/enfance-famille\/faire-garder-mon-enfant\" target=\"_blank\" rel=\"noopener\">les diff\u00e9rents modes de garde<\/a><\/p>\n<\/div><\/section><\/div><div class='flex_column av-50526ba-a325c9a5261f0f164af258038ceeccd5 av_one_third  avia-builder-el-7  el_after_av_two_third  el_before_av_two_third  first flex_column_div column-top-margin'     ><p><br \/>\n\n<style type=\"text\/css\" data-created_by=\"avia_inline_auto\" id=\"style-css-av-41aypo6-52a0320c35f09b3cda54621352496e68\">\n.avia-image-container.av-41aypo6-52a0320c35f09b3cda54621352496e68 img.avia_image{\nbox-shadow:none;\n}\n.avia-image-container.av-41aypo6-52a0320c35f09b3cda54621352496e68 .av-image-caption-overlay-center{\ncolor:#ffffff;\n}\n<\/style>\n<div  class='avia-image-container av-41aypo6-52a0320c35f09b3cda54621352496e68 av-styling- avia-align-center  avia-builder-el-9  el_after_av_image  avia-builder-el-last '   itemprop=\"image\" itemscope=\"itemscope\" itemtype=\"https:\/\/schema.org\/ImageObject\" ><div class=\"avia-image-container-inner\"><div class=\"avia-image-overlay-wrap\"><img decoding=\"async\" class='wp-image-11138 avia-img-lazy-loading-not-11138 avia_image ' src=\"https:\/\/soignerenperigord.fr\/wp-content\/uploads\/2024\/03\/etudes-scaled.jpg\" alt='' title='etudes'  height=\"1707\" width=\"2560\"  itemprop=\"thumbnailUrl\" srcset=\"https:\/\/soignerenperigord.fr\/wp-content\/uploads\/2024\/03\/etudes-scaled.jpg 2560w, https:\/\/soignerenperigord.fr\/wp-content\/uploads\/2024\/03\/etudes-300x200.jpg 300w, https:\/\/soignerenperigord.fr\/wp-content\/uploads\/2024\/03\/etudes-1030x687.jpg 1030w, https:\/\/soignerenperigord.fr\/wp-content\/uploads\/2024\/03\/etudes-768x512.jpg 768w, https:\/\/soignerenperigord.fr\/wp-content\/uploads\/2024\/03\/etudes-1536x1024.jpg 1536w, https:\/\/soignerenperigord.fr\/wp-content\/uploads\/2024\/03\/etudes-2048x1365.jpg 2048w, https:\/\/soignerenperigord.fr\/wp-content\/uploads\/2024\/03\/etudes-1500x1000.jpg 1500w, https:\/\/soignerenperigord.fr\/wp-content\/uploads\/2024\/03\/etudes-705x470.jpg 705w\" sizes=\"(max-width: 2560px) 100vw, 2560px\" \/><\/div><\/div><\/div><\/p><\/div><div class='flex_column av-3bb5l12-863db67109748d9bc564b1934db4e3ce av_two_third  avia-builder-el-10  el_after_av_one_third  el_before_av_one_third  flex_column_div column-top-margin'     ><section  class='av_textblock_section av-lu6xwm29-1db03b4416fd05987b0deccc128ee9e6'  itemscope=\"itemscope\" itemtype=\"https:\/\/schema.org\/CreativeWork\" ><div class='avia_textblock'  itemprop=\"text\" ><h3>Schools,<\/h3>\n<p>You would like to enroll your child in an establishment:<\/p>\n<p><span class=\"adr\"><span class=\"street-address\"><a class=\"url\" title=\"Acc\u00e9der au site du Centre de formation et de promotion (nouvelle fen\u00eatre)\" href=\"https:\/\/www.ac-bordeaux.fr\/affectation-en-dordogne-123629\" target=\"_blank\" rel=\"noopener v:url\" aria-label=\"www.cfpchampcevinel.fr (dans une nouvelle fen\u00eatre)\">Acad\u00e9mie de Bordeaux<\/a><\/span><\/span><\/p>\n<h3>Graduate studies<\/h3>\n<p><a href=\"http:\/\/lyceejaydebeaufort.fr\/post-bac\/presentation-du-dts\/\" target=\"_blank\" rel=\"noopener\"><span class=\"adr\"><span class=\"street-address\">DTS Imagerie m\u00e9dicale et radiologie th\u00e9rapeutique<\/span><\/span><\/a><\/p>\n<p><a href=\"https:\/\/www.grandperigueux.fr\/actualites-evenements\/actualites\/la-1ere-annee-detudes-de-sante-arrive-a-perigueux-3295\" target=\"_blank\" rel=\"noopener\"><span class=\"adr\"><span class=\"street-address\">1\u00e8re ann\u00e9e d&#8217;\u00e9tudes de Sant\u00e9 \u00e0 P\u00e9rigueux (PASS)<\/span><\/span><\/a><\/p>\n<p><a href=\"https:\/\/www.ch-perigueux.fr\/institut-de-formation-de-perigueux-294.html\" target=\"_blank\" rel=\"noopener\"><span class=\"adr\"><span class=\"street-address\">IFSI IFAS &#8211; Institut de formation en soins infirmiers, P\u00e9rigueux<\/span><\/span><\/a><\/p>\n<p><a href=\"https:\/\/mspb.com\/offre-de-formation\/la-formation-au-metier-dinfirmiere\/\" target=\"_blank\" rel=\"noopener\"><span class=\"adr\"><span class=\"street-address\">DTS IFSI Bagatelle &#8211; John Bost, Bergerac<\/span><\/span><\/a><\/p>\n<\/div><\/section><\/div><div class='flex_column av-2tylvg6-30d943f82453f057395f17e8c56b6a07 av_one_third  avia-builder-el-12  el_after_av_two_third  el_before_av_two_third  first flex_column_div column-top-margin'     ><style type=\"text\/css\" data-created_by=\"avia_inline_auto\" id=\"style-css-av-2prqmra-7b778414b076f9edbe18447934cd8285\">\n.avia-image-container.av-2prqmra-7b778414b076f9edbe18447934cd8285 img.avia_image{\nbox-shadow:none;\n}\n.avia-image-container.av-2prqmra-7b778414b076f9edbe18447934cd8285 .av-image-caption-overlay-center{\ncolor:#ffffff;\n}\n<\/style>\n<div  class='avia-image-container av-2prqmra-7b778414b076f9edbe18447934cd8285 av-styling- avia-align-center  avia-builder-el-13  avia-builder-el-no-sibling '   itemprop=\"image\" itemscope=\"itemscope\" itemtype=\"https:\/\/schema.org\/ImageObject\" ><div class=\"avia-image-container-inner\"><div class=\"avia-image-overlay-wrap\"><img decoding=\"async\" class='wp-image-11082 avia-img-lazy-loading-not-11082 avia_image ' src=\"https:\/\/soignerenperigord.fr\/wp-content\/uploads\/2024\/03\/habitation.png\" alt='' title='habitation'  height=\"309\" width=\"459\"  itemprop=\"thumbnailUrl\" srcset=\"https:\/\/soignerenperigord.fr\/wp-content\/uploads\/2024\/03\/habitation.png 459w, https:\/\/soignerenperigord.fr\/wp-content\/uploads\/2024\/03\/habitation-300x202.png 300w\" sizes=\"(max-width: 459px) 100vw, 459px\" \/><\/div><\/div><\/div><\/div><div class='flex_column av-24qayye-924145fe56f3bf447d061750c388e8e1 av_two_third  avia-builder-el-14  el_after_av_one_third  el_before_av_one_third  flex_column_div column-top-margin'     ><section  class='av_textblock_section av-lu6xyyww-9c9d42ab97e2244114cc40674322af52'  itemscope=\"itemscope\" itemtype=\"https:\/\/schema.org\/CreativeWork\" ><div class='avia_textblock'  itemprop=\"text\" ><h3>Living in Dordogne<\/h3>\n<p>for a discovery stay,<br \/>\n<span class=\"adr\"><span class=\"street-address\"><a class=\"url\" title=\"Acc\u00e9der au site du Centre de formation et de promotion (nouvelle fen\u00eatre)\" href=\"https:\/\/www.mesnouveauxvoisins.org\/\" target=\"_blank\" rel=\"noopener v:url\" aria-label=\"www.cfpchampcevinel.fr (dans une nouvelle fen\u00eatre)\">mesnouveauxvoisins \u00a0 \u00a0 <\/a><\/span><\/span><a href=\"https:\/\/www.dordogne-perigord-tourisme.fr\/preparer-son-sejour\/ou-dormir\/gites-locations-vacances\/\" target=\"_blank\" rel=\"noopener\">g\u00eetes et locations<\/a><\/p>\n<p>for tourism<\/p>\n<p><a href=\"https:\/\/www.perigord.com\/\" target=\"_blank\" rel=\"noopener\">P\u00e9rigord.com\u00a0<\/a> \u00a0 \u00a0<a href=\"https:\/\/www.guide-du-perigord.com\/fr\/\" target=\"_blank\" rel=\"noopener\">Guide du P\u00e9rigord<\/a>\u00a0 \u00a0 \u00a0<a href=\"https:\/\/www.dordogne-perigord-tourisme.fr\/\" target=\"_blank\" rel=\"noopener\">Dordogne P\u00e9rigord Tourisme<\/a><\/p>\n<p>to install,<\/p>\n<p><a href=\"https:\/\/www.jesuisunjeune.com\/fr\/collection-city\/8-perigueux\" target=\"_blank\" rel=\"noopener\">h\u00e9bergements pour \u00e9tudiants et jeunes actifs<\/a><\/p>\n<p><a href=\"https:\/\/www.fnaim.fr\/\" target=\"_blank\" rel=\"noopener\">les professionnels de l&#8217;immobilier<\/a><\/p>\n<h3>Some numbers<\/h3>\n<p>to help you with your project,<\/p>\n<p><a href=\"https:\/\/immobilier.statistiques.notaires.fr\/prix-immobilier?typeLocalisation=DEPARTEMENT&#038;codeInsee=24&#038;typeBien=MAI&#038;neuf=false\" target=\"_blank\" rel=\"noopener\">le prix au m\u00b2\u00a0 de l&#8217;immobilier<\/a><\/p>\n<p><a href=\"https:\/\/www.chambre-dordogne.notaires.fr\/\" target=\"_blank\" rel=\"noopener\">un notaire pr\u00e8s de chez vous<\/a><\/p>\n<h3>and also&#8230;<\/h3>\n<p><a href=\"https:\/\/www.perigordnumerique.fr\/\" target=\"_blank\" rel=\"noopener\">la fibre optique en Dordogne\u00a0<\/a><\/p>\n<p><a href=\"https:\/\/www.grandperigueux.fr\/au-quotidien\/deplacements\" target=\"_blank\" rel=\"noopener\">se d\u00e9placer en bus, en v\u00e9lo, en covoiturage..<\/a><\/p>\n<p><a href=\"https:\/\/www.dordogne-perigord-tourisme.fr\/cote-pratique\/comment-venir-en-dordogne\/\" target=\"_blank\" rel=\"noopener\">comment venir en Dordogne ?<\/a><\/p>\n<\/div><\/section><\/div><div class='flex_column av-1sktnna-229067c22afef10e251a50eabfb03166 av_one_third  avia-builder-el-16  el_after_av_two_third  el_before_av_two_third  first flex_column_div column-top-margin'     ><style type=\"text\/css\" data-created_by=\"avia_inline_auto\" id=\"style-css-av-1921l6e-269793678fa231d0e6aee80cb81c2db7\">\n.avia-image-container.av-1921l6e-269793678fa231d0e6aee80cb81c2db7 img.avia_image{\nbox-shadow:none;\n}\n.avia-image-container.av-1921l6e-269793678fa231d0e6aee80cb81c2db7 .av-image-caption-overlay-center{\ncolor:#ffffff;\n}\n<\/style>\n<div  class='avia-image-container av-1921l6e-269793678fa231d0e6aee80cb81c2db7 av-styling- avia-align-center  avia-builder-el-17  avia-builder-el-no-sibling '   itemprop=\"image\" itemscope=\"itemscope\" itemtype=\"https:\/\/schema.org\/ImageObject\" ><div class=\"avia-image-container-inner\"><div class=\"avia-image-overlay-wrap\"><img decoding=\"async\" class='wp-image-11087 avia-img-lazy-loading-not-11087 avia_image ' src=\"https:\/\/soignerenperigord.fr\/wp-content\/uploads\/2024\/03\/job-dordogne.jpg\" alt='' title='job dordogne'  height=\"352\" width=\"536\"  itemprop=\"thumbnailUrl\" srcset=\"https:\/\/soignerenperigord.fr\/wp-content\/uploads\/2024\/03\/job-dordogne.jpg 536w, https:\/\/soignerenperigord.fr\/wp-content\/uploads\/2024\/03\/job-dordogne-300x197.jpg 300w\" sizes=\"(max-width: 536px) 100vw, 536px\" \/><\/div><\/div><\/div><\/div><div class='flex_column av-izuq46-02a220e6477bc94fd61405359d9153b1 av_two_third  avia-builder-el-18  el_after_av_one_third  avia-builder-el-last  flex_column_div column-top-margin'     ><section  class='av_textblock_section av-lu6xzq2s-27439988cbf828ef3176d04b197af45f'  itemscope=\"itemscope\" itemtype=\"https:\/\/schema.org\/CreativeWork\" ><div class='avia_textblock'  itemprop=\"text\" ><h3>Finding a job for your spouse<\/h3>\n<p>Companies that are recruiting,\u00a0 see the site <a href=\"https:\/\/www.perigord-developpement.com\/emploi\" target=\"_blank\" rel=\"noopener\">P\u00e9rigord D\u00e9veloppement<\/a>.<\/p>\n<p>The employment center of grand perigueux, see the site <a href=\"https:\/\/www.mde-grandperigueux.fr\/\" target=\"_blank\" rel=\"noopener\">M2E<\/a><\/p>\n<p>Executive job offers, advice, see the site <a href=\"https:\/\/www.apec.fr\/\" target=\"_blank\" rel=\"noopener\">APEC<\/a><\/p>\n<p>You have a business project, see the site <a href=\"https:\/\/www.initiative-perigord.fr\/\" target=\"_blank\" rel=\"noopener\">Initiative P\u00e9rigord<\/a><\/p>\n<p>Business incubator, see the site<a href=\"https:\/\/www.incubateur-h24.fr\/\" target=\"_blank\" rel=\"noopener\">\u00a0H24<\/a><\/p>\n<p>The friendly of the P\u00e9rigourdins of Paris, see the site <a href=\"http:\/\/www.latruffe.org\/\" target=\"_blank\" rel=\"noopener\">La truffe<\/a><\/p>\n<p>Dordogne business network, see the site <a href=\"https:\/\/www.dordognebusiness.fr\/\" target=\"_blank\" rel=\"noopener\">Dordogne Business<\/a><\/p>\n<p>Entrepreneur Club, see the site <a href=\"https:\/\/www.club-dordogne-entrepreneurs.fr\/\" target=\"_blank\" rel=\"noopener\">Club Dordogne Entrepreneurs<\/a><\/p>\n<p>Bringing together skills and jobs in New Aquitaine, see the site <a href=\"https:\/\/talentsdici.fr\/\" target=\"_blank\" rel=\"noopener\">Talents d&#8217;ici<\/a><\/p>\n<\/div><\/section><\/div><\/div><\/div><\/main><!-- close content main element --><\/div><\/div><div id='after_section_1'  class='main_color av_default_container_wrap container_wrap sidebar_right'  ><div class='container av-section-cont-open' ><div class='template-page content  av-content-small alpha units'><div class='post-entry post-entry-type-page post-entry-11254'><div class='entry-content-wrapper clearfix'>\n","protected":false},"excerpt":{"rendered":"","protected":false},"author":20,"featured_media":0,"parent":0,"menu_order":0,"comment_status":"closed","ping_status":"closed","template":"","meta":[],"acf":[],"yoast_head":"<!-- This site is optimized with the Yoast SEO plugin v19.13 - https:\/\/yoast.com\/wordpress\/plugins\/seo\/ -->\n<title>EN venir vivre en Dordogne - Accompagnement \u00e0 l&#039;installation<\/title>\n<meta name=\"description\" content=\"Professionnels de sant\u00e9, retrouvez les partenaires pour vous accompagner dans votre installation en Dordogne.\" \/>\n<meta name=\"robots\" content=\"index, follow, max-snippet:-1, max-image-preview:large, max-video-preview:-1\" \/>\n<link rel=\"canonical\" href=\"https:\/\/soignerenperigord.fr\/?page_id=11254&lang=en\" \/>\n<meta property=\"og:locale\" content=\"fr_FR\" \/>\n<meta property=\"og:type\" content=\"article\" \/>\n<meta property=\"og:title\" content=\"EN venir vivre en Dordogne - Accompagnement \u00e0 l&#039;installation\" \/>\n<meta property=\"og:description\" content=\"Professionnels de sant\u00e9, retrouvez les partenaires pour vous accompagner dans votre installation en Dordogne.\" \/>\n<meta property=\"og:url\" content=\"https:\/\/soignerenperigord.fr\/?page_id=11254&amp;lang=en\" \/>\n<meta property=\"og:site_name\" content=\"SoignerEnPerigord\" \/>\n<meta property=\"article:modified_time\" content=\"2026-03-05T08:11:00+00:00\" \/>\n<meta name=\"twitter:card\" content=\"summary_large_image\" \/>\n<meta name=\"twitter:label1\" content=\"Est. reading time\" \/>\n\t<meta name=\"twitter:data1\" content=\"10 minutes\" \/>\n<script type=\"application\/ld+json\" class=\"yoast-schema-graph\">{\"@context\":\"https:\/\/schema.org\",\"@graph\":[{\"@type\":\"WebPage\",\"@id\":\"https:\/\/soignerenperigord.fr\/?page_id=11254&lang=en\",\"url\":\"https:\/\/soignerenperigord.fr\/?page_id=11254&lang=en\",\"name\":\"EN venir vivre en Dordogne - Accompagnement \u00e0 l'installation\",\"isPartOf\":{\"@id\":\"https:\/\/soignerenperigord.fr\/#website\"},\"datePublished\":\"2024-03-25T12:47:00+00:00\",\"dateModified\":\"2026-03-05T08:11:00+00:00\",\"description\":\"Professionnels de sant\u00e9, retrouvez les partenaires pour vous accompagner dans votre installation en Dordogne.\",\"breadcrumb\":{\"@id\":\"https:\/\/soignerenperigord.fr\/?page_id=11254&lang=en#breadcrumb\"},\"inLanguage\":\"fr-FR\",\"potentialAction\":[{\"@type\":\"ReadAction\",\"target\":[\"https:\/\/soignerenperigord.fr\/?page_id=11254&lang=en\"]}]},{\"@type\":\"BreadcrumbList\",\"@id\":\"https:\/\/soignerenperigord.fr\/?page_id=11254&lang=en#breadcrumb\",\"itemListElement\":[{\"@type\":\"ListItem\",\"position\":1,\"name\":\"Home\",\"item\":\"https:\/\/soignerenperigord.fr\/?page_id=1809\"},{\"@type\":\"ListItem\",\"position\":2,\"name\":\"EN venir vivre en Dordogne\"}]},{\"@type\":\"WebSite\",\"@id\":\"https:\/\/soignerenperigord.fr\/#website\",\"url\":\"https:\/\/soignerenperigord.fr\/\",\"name\":\"SoignerEnPerigord\",\"description\":\"Un site utilisant WordPress\",\"potentialAction\":[{\"@type\":\"SearchAction\",\"target\":{\"@type\":\"EntryPoint\",\"urlTemplate\":\"https:\/\/soignerenperigord.fr\/?s={search_term_string}\"},\"query-input\":\"required name=search_term_string\"}],\"inLanguage\":\"fr-FR\"}]}<\/script>\n<!-- \/ Yoast SEO plugin. -->","yoast_head_json":{"title":"EN venir vivre en Dordogne - Accompagnement \u00e0 l'installation","description":"Professionnels de sant\u00e9, retrouvez les partenaires pour vous accompagner dans votre installation en Dordogne.","robots":{"index":"index","follow":"follow","max-snippet":"max-snippet:-1","max-image-preview":"max-image-preview:large","max-video-preview":"max-video-preview:-1"},"canonical":"https:\/\/soignerenperigord.fr\/?page_id=11254&lang=en","og_locale":"fr_FR","og_type":"article","og_title":"EN venir vivre en Dordogne - Accompagnement \u00e0 l'installation","og_description":"Professionnels de sant\u00e9, retrouvez les partenaires pour vous accompagner dans votre installation en Dordogne.","og_url":"https:\/\/soignerenperigord.fr\/?page_id=11254&lang=en","og_site_name":"SoignerEnPerigord","article_modified_time":"2026-03-05T08:11:00+00:00","twitter_card":"summary_large_image","twitter_misc":{"Est. reading time":"10 minutes"},"schema":{"@context":"https:\/\/schema.org","@graph":[{"@type":"WebPage","@id":"https:\/\/soignerenperigord.fr\/?page_id=11254&lang=en","url":"https:\/\/soignerenperigord.fr\/?page_id=11254&lang=en","name":"EN venir vivre en Dordogne - Accompagnement \u00e0 l'installation","isPartOf":{"@id":"https:\/\/soignerenperigord.fr\/#website"},"datePublished":"2024-03-25T12:47:00+00:00","dateModified":"2026-03-05T08:11:00+00:00","description":"Professionnels de sant\u00e9, retrouvez les partenaires pour vous accompagner dans votre installation en Dordogne.","breadcrumb":{"@id":"https:\/\/soignerenperigord.fr\/?page_id=11254&lang=en#breadcrumb"},"inLanguage":"fr-FR","potentialAction":[{"@type":"ReadAction","target":["https:\/\/soignerenperigord.fr\/?page_id=11254&lang=en"]}]},{"@type":"BreadcrumbList","@id":"https:\/\/soignerenperigord.fr\/?page_id=11254&lang=en#breadcrumb","itemListElement":[{"@type":"ListItem","position":1,"name":"Home","item":"https:\/\/soignerenperigord.fr\/?page_id=1809"},{"@type":"ListItem","position":2,"name":"EN venir vivre en Dordogne"}]},{"@type":"WebSite","@id":"https:\/\/soignerenperigord.fr\/#website","url":"https:\/\/soignerenperigord.fr\/","name":"SoignerEnPerigord","description":"Un site utilisant WordPress","potentialAction":[{"@type":"SearchAction","target":{"@type":"EntryPoint","urlTemplate":"https:\/\/soignerenperigord.fr\/?s={search_term_string}"},"query-input":"required name=search_term_string"}],"inLanguage":"fr-FR"}]}},"_links":{"self":[{"href":"https:\/\/soignerenperigord.fr\/index.php?rest_route=\/wp\/v2\/pages\/11254"}],"collection":[{"href":"https:\/\/soignerenperigord.fr\/index.php?rest_route=\/wp\/v2\/pages"}],"about":[{"href":"https:\/\/soignerenperigord.fr\/index.php?rest_route=\/wp\/v2\/types\/page"}],"author":[{"embeddable":true,"href":"https:\/\/soignerenperigord.fr\/index.php?rest_route=\/wp\/v2\/users\/20"}],"replies":[{"embeddable":true,"href":"https:\/\/soignerenperigord.fr\/index.php?rest_route=%2Fwp%2Fv2%2Fcomments&post=11254"}],"version-history":[{"count":9,"href":"https:\/\/soignerenperigord.fr\/index.php?rest_route=\/wp\/v2\/pages\/11254\/revisions"}],"predecessor-version":[{"id":15196,"href":"https:\/\/soignerenperigord.fr\/index.php?rest_route=\/wp\/v2\/pages\/11254\/revisions\/15196"}],"wp:attachment":[{"href":"https:\/\/soignerenperigord.fr\/index.php?rest_route=%2Fwp%2Fv2%2Fmedia&parent=11254"}],"curies":[{"name":"wp","href":"https:\/\/api.w.org\/{rel}","templated":true}]}}